{"id":215061,"date":"2019-08-05T19:46:53","date_gmt":"2019-08-06T01:46:53","guid":{"rendered":"http:\/\/www2.equilibriovital.com\/?page_id=215061"},"modified":"2021-09-01T11:44:15","modified_gmt":"2021-09-01T17:44:15","slug":"la-voz-del-especialista","status":"publish","type":"page","link":"https:\/\/www.equilibriovital.com\/index.php\/la-voz-del-especialista\/","title":{"rendered":"La Voz del especialista"},"content":{"rendered":"<p>[et_pb_section fb_built=\u00bb1&#8243; admin_label=\u00bbHeader\u00bb _builder_version=\u00bb3.25.4&#8243; background_color=\u00bb#f7f7f7&#8243; use_background_color_gradient=\u00bbon\u00bb background_color_gradient_start=\u00bb#efefef\u00bb background_color_gradient_end=\u00bb#ffffff\u00bb background_color_gradient_direction=\u00bb90deg\u00bb background_color_gradient_start_position=\u00bb66%\u00bb background_color_gradient_end_position=\u00bb0%\u00bb custom_margin=\u00bb|||||\u00bb custom_padding=\u00bb||0px|||\u00bb background_last_edited=\u00bbon|tablet\u00bb use_background_color_gradient_tablet=\u00bbon\u00bb background_color_gradient_start_position_tablet=\u00bb100%\u00bb locked=\u00bboff\u00bb global_colors_info=\u00bb{}\u00bb][et_pb_row column_structure=\u00bb1_2,1_2&#8243; custom_padding_last_edited=\u00bbon|phone\u00bb padding_left_right_link_1=\u00bbfalse\u00bb _builder_version=\u00bb4.7.7&#8243; background_image=\u00bbhttp:\/\/www2.equilibriovital.com\/wp-content\/uploads\/2021\/04\/space-vertical-1.png\u00bb background_size=\u00bbinitial\u00bb background_position=\u00bbtop_left\u00bb custom_padding=\u00bb|||20px\u00bb custom_padding_tablet=\u00bb\u00bb custom_padding_phone=\u00bb|||0px\u00bb animation_style=\u00bbfade\u00bb global_colors_info=\u00bb{}\u00bb][et_pb_column type=\u00bb1_2&#8243; _builder_version=\u00bb3.22.7&#8243; background_repeat=\u00bbrepeat\u00bb custom_padding=\u00bb|20px||\u00bb custom_padding_tablet=\u00bb|0px||\u00bb custom_padding_phone=\u00bb\u00bb custom_padding_last_edited=\u00bbon|tablet\u00bb global_colors_info=\u00bb{}\u00bb custom_padding__hover=\u00bb|||\u00bb][et_pb_text _builder_version=\u00bb4.9.9&#8243; text_font=\u00bbOxygen||||||||\u00bb text_font_size=\u00bb20px\u00bb text_line_height=\u00bb1.8em\u00bb header_font=\u00bbMontserrat|700|||||||\u00bb header_text_color=\u00bb#686868&#8243; header_font_size=\u00bb41px\u00bb header_line_height=\u00bb1.2em\u00bb custom_margin=\u00bb||60px\u00bb custom_padding=\u00bb65px||0px|||\u00bb text_font_tablet=\u00bb\u00bb text_font_phone=\u00bb\u00bb text_font_last_edited=\u00bbon|phone\u00bb text_font_size_tablet=\u00bb\u00bb text_font_size_phone=\u00bb18px\u00bb text_font_size_last_edited=\u00bbon|desktop\u00bb header_font_tablet=\u00bb\u00bb header_font_phone=\u00bb\u00bb header_font_last_edited=\u00bbon|phone\u00bb header_font_size_tablet=\u00bb50px\u00bb header_font_size_phone=\u00bb39px\u00bb header_font_size_last_edited=\u00bbon|phone\u00bb z_index_tablet=\u00bb500&#8243; text_text_shadow_horizontal_length_tablet=\u00bb0px\u00bb text_text_shadow_vertical_length_tablet=\u00bb0px\u00bb text_text_shadow_blur_strength_tablet=\u00bb1px\u00bb link_text_shadow_horizontal_length_tablet=\u00bb0px\u00bb link_text_shadow_vertical_length_tablet=\u00bb0px\u00bb link_text_shadow_blur_strength_tablet=\u00bb1px\u00bb ul_text_shadow_horizontal_length_tablet=\u00bb0px\u00bb ul_text_shadow_vertical_length_tablet=\u00bb0px\u00bb ul_text_shadow_blur_strength_tablet=\u00bb1px\u00bb ol_text_shadow_horizontal_length_tablet=\u00bb0px\u00bb ol_text_shadow_vertical_length_tablet=\u00bb0px\u00bb ol_text_shadow_blur_strength_tablet=\u00bb1px\u00bb quote_text_shadow_horizontal_length_tablet=\u00bb0px\u00bb quote_text_shadow_vertical_length_tablet=\u00bb0px\u00bb quote_text_shadow_blur_strength_tablet=\u00bb1px\u00bb header_text_shadow_horizontal_length_tablet=\u00bb0px\u00bb header_text_shadow_vertical_length_tablet=\u00bb0px\u00bb header_text_shadow_blur_strength_tablet=\u00bb1px\u00bb header_2_text_shadow_horizontal_length_tablet=\u00bb0px\u00bb header_2_text_shadow_vertical_length_tablet=\u00bb0px\u00bb header_2_text_shadow_blur_strength_tablet=\u00bb1px\u00bb header_3_text_shadow_horizontal_length_tablet=\u00bb0px\u00bb header_3_text_shadow_vertical_length_tablet=\u00bb0px\u00bb header_3_text_shadow_blur_strength_tablet=\u00bb1px\u00bb header_4_text_shadow_horizontal_length_tablet=\u00bb0px\u00bb header_4_text_shadow_vertical_length_tablet=\u00bb0px\u00bb header_4_text_shadow_blur_strength_tablet=\u00bb1px\u00bb header_5_text_shadow_horizontal_length_tablet=\u00bb0px\u00bb header_5_text_shadow_vertical_length_tablet=\u00bb0px\u00bb header_5_text_shadow_blur_strength_tablet=\u00bb1px\u00bb header_6_text_shadow_horizontal_length_tablet=\u00bb0px\u00bb header_6_text_shadow_vertical_length_tablet=\u00bb0px\u00bb header_6_text_shadow_blur_strength_tablet=\u00bb1px\u00bb box_shadow_horizontal_tablet=\u00bb0px\u00bb box_shadow_vertical_tablet=\u00bb0px\u00bb box_shadow_blur_tablet=\u00bb40px\u00bb box_shadow_spread_tablet=\u00bb0px\u00bb global_colors_info=\u00bb{}\u00bb]<\/p>\n<h1>Art\u00edculos de opini\u00f3n y recomendaciones<\/h1>\n<p>Contenido dedicado a la promoci\u00f3n de las nuevas tendencias en nutrici\u00f3n.<\/p>\n<p>[\/et_pb_text][\/et_pb_column][et_pb_column type=\u00bb1_2&#8243; _builder_version=\u00bb3.22.7&#8243; background_repeat=\u00bbrepeat\u00bb custom_padding=\u00bb|||\u00bb custom_padding_tablet=\u00bb|0px||\u00bb custom_padding_phone=\u00bb\u00bb custom_padding_last_edited=\u00bbon|tablet\u00bb global_colors_info=\u00bb{}\u00bb custom_padding__hover=\u00bb|||\u00bb][et_pb_image src=\u00bbhttp:\/\/www2.equilibriovital.com\/wp-content\/uploads\/2021\/04\/space-header-2.png\u00bb title_text=\u00bbvoz-especialista\u00bb _builder_version=\u00bb4.9.9&#8243; use_background_color_gradient=\u00bbon\u00bb background_color_gradient_start=\u00bbrgba(16,40,65,0)\u00bb background_color_gradient_end=\u00bb#102841&#8243; background_color_gradient_start_position=\u00bb45%\u00bb background_color_gradient_overlays_image=\u00bbon\u00bb background_image=\u00bbhttp:\/\/www.equilibriovital.com\/wp-content\/uploads\/2021\/07\/voz-especialista-284&#215;300.jpg\u00bb background_position=\u00bbtop_left\u00bb custom_margin=\u00bb-100px|-12vw||\u00bb custom_margin_tablet=\u00bb0px|||\u00bb custom_margin_phone=\u00bb\u00bb custom_margin_last_edited=\u00bbon|tablet\u00bb custom_padding=\u00bb||80%|||\u00bb custom_padding_tablet=\u00bb\u00bb custom_padding_phone=\u00bb||40%\u00bb custom_padding_last_edited=\u00bbon|desktop\u00bb z_index_tablet=\u00bb500&#8243; box_shadow_horizontal_tablet=\u00bb0px\u00bb box_shadow_vertical_tablet=\u00bb0px\u00bb box_shadow_blur_tablet=\u00bb40px\u00bb box_shadow_spread_tablet=\u00bb0px\u00bb global_colors_info=\u00bb{}\u00bb][\/et_pb_image][\/et_pb_column][\/et_pb_row][et_pb_row use_custom_gutter=\u00bbon\u00bb gutter_width=\u00bb2&#8243; _builder_version=\u00bb4.9.9&#8243; background_color=\u00bb#E02B20&#8243; z_index=\u00bb10&#8243; max_width=\u00bb1280px\u00bb custom_margin=\u00bb-100px|auto|-50px|auto||\u00bb custom_padding=\u00bb52px|30px|52px|30px|true|true\u00bb global_colors_info=\u00bb{}\u00bb][et_pb_column type=\u00bb4_4&#8243; _builder_version=\u00bb3.23.3&#8243; custom_padding=\u00bb|||\u00bb global_colors_info=\u00bb{}\u00bb custom_padding__hover=\u00bb|||\u00bb][et_pb_text _builder_version=\u00bb3.27.4&#8243; text_font=\u00bbOxygen|300|||||||\u00bb text_text_color=\u00bb#ffffff\u00bb text_font_size=\u00bb20px\u00bb text_line_height=\u00bb1.8em\u00bb custom_margin=\u00bb-31px|12px|-5px|12px\u00bb custom_padding=\u00bb0px||0px|0px\u00bb global_colors_info=\u00bb{}\u00bb]<\/p>\n<p>Mi profesi\u00f3n me exige estar actualizada y compartir todo ese conocimiento con mis pacientes a trav\u00e9s de recomendaciones en materia de nutrici\u00f3n.<\/p>\n<p>[\/et_pb_text][\/et_pb_column][\/et_pb_row][\/et_pb_section][et_pb_section fb_built=\u00bb1&#8243; _builder_version=\u00bb4.7.7&#8243; _module_preset=\u00bbdefault\u00bb global_colors_info=\u00bb{}\u00bb][et_pb_row _builder_version=\u00bb4.7.7&#8243; _module_preset=\u00bbdefault\u00bb global_colors_info=\u00bb{}\u00bb][et_pb_column type=\u00bb4_4&#8243; _builder_version=\u00bb4.7.7&#8243; _module_preset=\u00bbdefault\u00bb global_colors_info=\u00bb{}\u00bb][et_pb_blog fullwidth=\u00bboff\u00bb include_categories=\u00bball\u00bb excerpt_length=\u00bb100&#8243; show_author=\u00bboff\u00bb show_pagination=\u00bboff\u00bb _builder_version=\u00bb4.9.9&#8243; _module_preset=\u00bbdefault\u00bb header_font=\u00bbMontserrat|700|||||||\u00bb header_text_align=\u00bbcenter\u00bb header_text_color=\u00bb#6b6b6b\u00bb header_font_size=\u00bb22px\u00bb global_colors_info=\u00bb{}\u00bb][\/et_pb_blog][\/et_pb_column][\/et_pb_row][\/et_pb_section][et_pb_section fb_built=\u00bb1&#8243; admin_label=\u00bbSection\u00bb _builder_version=\u00bb4.9.9&#8243; background_color=\u00bb#a41e22&#8243; custom_margin=\u00bb-2px||0px||false|false\u00bb custom_padding=\u00bb0px||0px|\u00bb z_index_tablet=\u00bb500&#8243; box_shadow_horizontal_tablet=\u00bb0px\u00bb box_shadow_vertical_tablet=\u00bb0px\u00bb box_shadow_blur_tablet=\u00bb40px\u00bb box_shadow_spread_tablet=\u00bb0px\u00bb global_module=\u00bb214978&#8243; locked=\u00bboff\u00bb global_colors_info=\u00bb{}\u00bb][et_pb_row use_custom_gutter=\u00bbon\u00bb gutter_width=\u00bb2&#8243; padding_mobile=\u00bbon\u00bb column_padding_mobile=\u00bbon\u00bb admin_label=\u00bbRow\u00bb _builder_version=\u00bb4.10.4&#8243; background_size=\u00bbinitial\u00bb background_position=\u00bbtop_left\u00bb background_repeat=\u00bbrepeat\u00bb custom_padding=\u00bb50px||50px|\u00bb make_fullwidth=\u00bboff\u00bb use_custom_width=\u00bboff\u00bb width_unit=\u00bbon\u00bb global_colors_info=\u00bb{}\u00bb][et_pb_column type=\u00bb4_4&#8243; _builder_version=\u00bb3.25&#8243; custom_padding=\u00bb|||\u00bb global_colors_info=\u00bb{}\u00bb custom_padding__hover=\u00bb|||\u00bb][et_pb_social_media_follow url_new_window=\u00bboff\u00bb icon_color=\u00bb#ffffff\u00bb use_icon_font_size=\u00bbon\u00bb admin_label=\u00bbSocial Media Follow\u00bb _builder_version=\u00bb4.10.4&#8243; text_orientation=\u00bbcenter\u00bb min_height=\u00bb59px\u00bb z_index_tablet=\u00bb500&#8243; border_radii=\u00bbon|100%|100%|100%|100%\u00bb button_text_shadow_horizontal_length_tablet=\u00bb0px\u00bb button_text_shadow_vertical_length_tablet=\u00bb0px\u00bb button_text_shadow_blur_strength_tablet=\u00bb1px\u00bb box_shadow_horizontal_tablet=\u00bb0px\u00bb box_shadow_vertical_tablet=\u00bb0px\u00bb box_shadow_blur_tablet=\u00bb40px\u00bb box_shadow_spread_tablet=\u00bb0px\u00bb box_shadow_horizontal_button_tablet=\u00bb0px\u00bb box_shadow_vertical_button_tablet=\u00bb0px\u00bb box_shadow_blur_button_tablet=\u00bb40px\u00bb box_shadow_spread_button_tablet=\u00bb0px\u00bb text_shadow_horizontal_length_tablet=\u00bb0px\u00bb text_shadow_vertical_length_tablet=\u00bb0px\u00bb text_shadow_blur_strength_tablet=\u00bb1px\u00bb link_shape=\u00bbcircle\u00bb global_colors_info=\u00bb{}\u00bb][et_pb_social_media_follow_network social_network=\u00bbfacebook\u00bb url=\u00bbhttps:\/\/www.facebook.com\/eqvital\u00bb _builder_version=\u00bb4.7.7&#8243; background_color=\u00bb#3b5998&#8243; hover_enabled=\u00bb0&#8243; bg_color=\u00bb#3b5998&#8243; global_colors_info=\u00bb{}\u00bb link_shape=\u00bbcircle\u00bb follow_button=\u00bboff\u00bb url_new_window=\u00bboff\u00bb sticky_enabled=\u00bb0&#8243;]<\/p>\n<p>facebook<\/p>\n<p>[\/et_pb_social_media_follow_network][et_pb_social_media_follow_network social_network=\u00bbinstagram\u00bb url=\u00bbhttps:\/\/www.instagram.com\/equilibriovital_nutricion\/?hl=es\u00bb _builder_version=\u00bb4.7.7&#8243; background_color=\u00bb#ea2c59&#8243; background_color_gradient_direction_tablet=\u00bb180deg\u00bb background_color_gradient_direction_phone=\u00bb180deg\u00bb background_color_gradient_start_position_tablet=\u00bb0%\u00bb background_color_gradient_start_position_phone=\u00bb0%\u00bb background_color_gradient_end_position_tablet=\u00bb100%\u00bb background_color_gradient_end_position_phone=\u00bb100%\u00bb hover_transition_duration_tablet=\u00bb300ms\u00bb hover_transition_duration_phone=\u00bb300ms\u00bb hover_transition_delay_tablet=\u00bb0ms\u00bb hover_transition_delay_phone=\u00bb0ms\u00bb button_text_shadow_horizontal_length_tablet=\u00bb0px\u00bb button_text_shadow_horizontal_length_phone=\u00bb0px\u00bb button_text_shadow_vertical_length_tablet=\u00bb0px\u00bb button_text_shadow_vertical_length_phone=\u00bb0px\u00bb button_text_shadow_blur_strength_tablet=\u00bb1px\u00bb button_text_shadow_blur_strength_phone=\u00bb1px\u00bb box_shadow_horizontal_tablet=\u00bb0px\u00bb box_shadow_horizontal_phone=\u00bb0px\u00bb box_shadow_vertical_tablet=\u00bb0px\u00bb box_shadow_vertical_phone=\u00bb0px\u00bb box_shadow_blur_tablet=\u00bb40px\u00bb box_shadow_blur_phone=\u00bb40px\u00bb box_shadow_spread_tablet=\u00bb0px\u00bb box_shadow_spread_phone=\u00bb0px\u00bb box_shadow_horizontal_button_tablet=\u00bb0px\u00bb box_shadow_horizontal_button_phone=\u00bb0px\u00bb box_shadow_vertical_button_tablet=\u00bb0px\u00bb box_shadow_vertical_button_phone=\u00bb0px\u00bb box_shadow_blur_button_tablet=\u00bb40px\u00bb box_shadow_blur_button_phone=\u00bb40px\u00bb box_shadow_spread_button_tablet=\u00bb0px\u00bb box_shadow_spread_button_phone=\u00bb0px\u00bb bg_color=\u00bb#3b5998&#8243; global_colors_info=\u00bb{}\u00bb link_shape=\u00bbcircle\u00bb follow_button=\u00bboff\u00bb url_new_window=\u00bboff\u00bb]<\/p>\n<p>Instagram<\/p>\n<p>[\/et_pb_social_media_follow_network][\/et_pb_social_media_follow][et_pb_text admin_label=\u00bbText\u00bb _builder_version=\u00bb4.10.4&#8243; text_font=\u00bbMontserrat|100|||||||\u00bb text_text_color=\u00bb#ffffff\u00bb text_font_size=\u00bb16px\u00bb text_line_height=\u00bb1em\u00bb header_font=\u00bbOxygen|300|||||||\u00bb background_size=\u00bbinitial\u00bb background_position=\u00bbtop_left\u00bb background_repeat=\u00bbrepeat\u00bb text_orientation=\u00bbcenter\u00bb custom_margin=\u00bb||8px|\u00bb z_index_tablet=\u00bb500&#8243; custom_css_main_element=\u00bbfont-weight: 900;\u00bb text_text_shadow_horizontal_length_tablet=\u00bb0px\u00bb text_text_shadow_vertical_length_tablet=\u00bb0px\u00bb text_text_shadow_blur_strength_tablet=\u00bb1px\u00bb link_text_shadow_horizontal_length_tablet=\u00bb0px\u00bb link_text_shadow_vertical_length_tablet=\u00bb0px\u00bb link_text_shadow_blur_strength_tablet=\u00bb1px\u00bb ul_text_shadow_horizontal_length_tablet=\u00bb0px\u00bb ul_text_shadow_vertical_length_tablet=\u00bb0px\u00bb ul_text_shadow_blur_strength_tablet=\u00bb1px\u00bb ol_text_shadow_horizontal_length_tablet=\u00bb0px\u00bb ol_text_shadow_vertical_length_tablet=\u00bb0px\u00bb ol_text_shadow_blur_strength_tablet=\u00bb1px\u00bb quote_text_shadow_horizontal_length_tablet=\u00bb0px\u00bb quote_text_shadow_vertical_length_tablet=\u00bb0px\u00bb quote_text_shadow_blur_strength_tablet=\u00bb1px\u00bb header_text_shadow_horizontal_length_tablet=\u00bb0px\u00bb header_text_shadow_vertical_length_tablet=\u00bb0px\u00bb header_text_shadow_blur_strength_tablet=\u00bb1px\u00bb header_2_text_shadow_horizontal_length_tablet=\u00bb0px\u00bb header_2_text_shadow_vertical_length_tablet=\u00bb0px\u00bb header_2_text_shadow_blur_strength_tablet=\u00bb1px\u00bb header_3_text_shadow_horizontal_length_tablet=\u00bb0px\u00bb header_3_text_shadow_vertical_length_tablet=\u00bb0px\u00bb header_3_text_shadow_blur_strength_tablet=\u00bb1px\u00bb header_4_text_shadow_horizontal_length_tablet=\u00bb0px\u00bb header_4_text_shadow_vertical_length_tablet=\u00bb0px\u00bb header_4_text_shadow_blur_strength_tablet=\u00bb1px\u00bb header_5_text_shadow_horizontal_length_tablet=\u00bb0px\u00bb header_5_text_shadow_vertical_length_tablet=\u00bb0px\u00bb header_5_text_shadow_blur_strength_tablet=\u00bb1px\u00bb header_6_text_shadow_horizontal_length_tablet=\u00bb0px\u00bb header_6_text_shadow_vertical_length_tablet=\u00bb0px\u00bb header_6_text_shadow_blur_strength_tablet=\u00bb1px\u00bb box_shadow_horizontal_tablet=\u00bb0px\u00bb box_shadow_vertical_tablet=\u00bb0px\u00bb box_shadow_blur_tablet=\u00bb40px\u00bb box_shadow_spread_tablet=\u00bb0px\u00bb use_border_color=\u00bboff\u00bb border_color=\u00bb#ffffff\u00bb border_style=\u00bbsolid\u00bb text_text_align=\u00bbcenter\u00bb global_colors_info=\u00bb{}\u00bb]<\/p>\n<p><strong>\u00a9 2017-2021 Equilibrio Vital. Dra. Marianela Gonz\u00e1lez Lavergne.<\/strong><br \/><strong>Todos los derechos reservados.<\/strong><\/p>\n<p>[\/et_pb_text][\/et_pb_column][\/et_pb_row][\/et_pb_section]<\/p>\n","protected":false},"excerpt":{"rendered":"<p>Art\u00edculos de opini\u00f3n y recomendaciones Contenido dedicado a la promoci\u00f3n de las nuevas tendencias en nutrici\u00f3n.Mi profesi\u00f3n me exige estar actualizada y compartir todo ese conocimiento con mis pacientes a trav\u00e9s de recomendaciones en materia de nutrici\u00f3n.\u00a9 2017-2021 Equilibrio Vital. Dra. Marianela Gonz\u00e1lez Lavergne.Todos los derechos reservados.<\/p>\n","protected":false},"author":1,"featured_media":0,"parent":0,"menu_order":0,"comment_status":"closed","ping_status":"closed","template":"","meta":{"_et_pb_use_builder":"on","_et_pb_old_content":"","_et_gb_content_width":"","footnotes":""},"class_list":["post-215061","page","type-page","status-publish","hentry"],"yoast_head":"<!-- This site is optimized with the Yoast SEO plugin v23.4 - https:\/\/yoast.com\/wordpress\/plugins\/seo\/ -->\n<title>La Voz del especialista - Equilibrio Vital<\/title>\n<meta name=\"robots\" content=\"index, follow, max-snippet:-1, max-image-preview:large, max-video-preview:-1\" \/>\n<link rel=\"canonical\" href=\"http:\/\/www.equilibriovital.com\/index.php\/la-voz-del-especialista\/\" \/>\n<meta property=\"og:locale\" content=\"es_ES\" \/>\n<meta property=\"og:type\" content=\"article\" \/>\n<meta property=\"og:title\" content=\"La Voz del especialista - Equilibrio Vital\" \/>\n<meta property=\"og:description\" content=\"Art\u00edculos de opini\u00f3n y recomendaciones Contenido dedicado a la promoci\u00f3n de las nuevas tendencias en nutrici\u00f3n.Mi profesi\u00f3n me exige estar actualizada y compartir todo ese conocimiento con mis pacientes a trav\u00e9s de recomendaciones en materia de nutrici\u00f3n.\u00a9 2017-2021 Equilibrio Vital. Dra. Marianela Gonz\u00e1lez Lavergne.Todos los derechos reservados.\" \/>\n<meta property=\"og:url\" content=\"http:\/\/www.equilibriovital.com\/index.php\/la-voz-del-especialista\/\" \/>\n<meta property=\"og:site_name\" content=\"Equilibrio Vital\" \/>\n<meta property=\"article:modified_time\" content=\"2021-09-01T17:44:15+00:00\" \/>\n<meta name=\"twitter:card\" content=\"summary_large_image\" \/>\n<meta name=\"twitter:label1\" content=\"Tiempo de lectura\" \/>\n\t<meta name=\"twitter:data1\" content=\"9 minutos\" \/>\n<script type=\"application\/ld+json\" class=\"yoast-schema-graph\">{\"@context\":\"https:\/\/schema.org\",\"@graph\":[{\"@type\":\"WebPage\",\"@id\":\"http:\/\/www.equilibriovital.com\/index.php\/la-voz-del-especialista\/\",\"url\":\"http:\/\/www.equilibriovital.com\/index.php\/la-voz-del-especialista\/\",\"name\":\"La Voz del especialista - Equilibrio Vital\",\"isPartOf\":{\"@id\":\"https:\/\/www.equilibriovital.com\/#website\"},\"datePublished\":\"2019-08-06T01:46:53+00:00\",\"dateModified\":\"2021-09-01T17:44:15+00:00\",\"breadcrumb\":{\"@id\":\"http:\/\/www.equilibriovital.com\/index.php\/la-voz-del-especialista\/#breadcrumb\"},\"inLanguage\":\"es\",\"potentialAction\":[{\"@type\":\"ReadAction\",\"target\":[\"http:\/\/www.equilibriovital.com\/index.php\/la-voz-del-especialista\/\"]}]},{\"@type\":\"BreadcrumbList\",\"@id\":\"http:\/\/www.equilibriovital.com\/index.php\/la-voz-del-especialista\/#breadcrumb\",\"itemListElement\":[{\"@type\":\"ListItem\",\"position\":1,\"name\":\"Portada\",\"item\":\"https:\/\/www.equilibriovital.com\/\"},{\"@type\":\"ListItem\",\"position\":2,\"name\":\"La Voz del especialista\"}]},{\"@type\":\"WebSite\",\"@id\":\"https:\/\/www.equilibriovital.com\/#website\",\"url\":\"https:\/\/www.equilibriovital.com\/\",\"name\":\"Equilibrio Vital\",\"description\":\"Equilibrio Vital: Dra. Marianela Gonz\u00e1lez-Nutrici\u00f3n\",\"potentialAction\":[{\"@type\":\"SearchAction\",\"target\":{\"@type\":\"EntryPoint\",\"urlTemplate\":\"https:\/\/www.equilibriovital.com\/?s={search_term_string}\"},\"query-input\":{\"@type\":\"PropertyValueSpecification\",\"valueRequired\":true,\"valueName\":\"search_term_string\"}}],\"inLanguage\":\"es\"}]}<\/script>\n<!-- \/ Yoast SEO plugin. -->","yoast_head_json":{"title":"La Voz del especialista - Equilibrio Vital","robots":{"index":"index","follow":"follow","max-snippet":"max-snippet:-1","max-image-preview":"max-image-preview:large","max-video-preview":"max-video-preview:-1"},"canonical":"http:\/\/www.equilibriovital.com\/index.php\/la-voz-del-especialista\/","og_locale":"es_ES","og_type":"article","og_title":"La Voz del especialista - Equilibrio Vital","og_description":"Art\u00edculos de opini\u00f3n y recomendaciones Contenido dedicado a la promoci\u00f3n de las nuevas tendencias en nutrici\u00f3n.Mi profesi\u00f3n me exige estar actualizada y compartir todo ese conocimiento con mis pacientes a trav\u00e9s de recomendaciones en materia de nutrici\u00f3n.\u00a9 2017-2021 Equilibrio Vital. Dra. Marianela Gonz\u00e1lez Lavergne.Todos los derechos reservados.","og_url":"http:\/\/www.equilibriovital.com\/index.php\/la-voz-del-especialista\/","og_site_name":"Equilibrio Vital","article_modified_time":"2021-09-01T17:44:15+00:00","twitter_card":"summary_large_image","twitter_misc":{"Tiempo de lectura":"9 minutos"},"schema":{"@context":"https:\/\/schema.org","@graph":[{"@type":"WebPage","@id":"http:\/\/www.equilibriovital.com\/index.php\/la-voz-del-especialista\/","url":"http:\/\/www.equilibriovital.com\/index.php\/la-voz-del-especialista\/","name":"La Voz del especialista - Equilibrio Vital","isPartOf":{"@id":"https:\/\/www.equilibriovital.com\/#website"},"datePublished":"2019-08-06T01:46:53+00:00","dateModified":"2021-09-01T17:44:15+00:00","breadcrumb":{"@id":"http:\/\/www.equilibriovital.com\/index.php\/la-voz-del-especialista\/#breadcrumb"},"inLanguage":"es","potentialAction":[{"@type":"ReadAction","target":["http:\/\/www.equilibriovital.com\/index.php\/la-voz-del-especialista\/"]}]},{"@type":"BreadcrumbList","@id":"http:\/\/www.equilibriovital.com\/index.php\/la-voz-del-especialista\/#breadcrumb","itemListElement":[{"@type":"ListItem","position":1,"name":"Portada","item":"https:\/\/www.equilibriovital.com\/"},{"@type":"ListItem","position":2,"name":"La Voz del especialista"}]},{"@type":"WebSite","@id":"https:\/\/www.equilibriovital.com\/#website","url":"https:\/\/www.equilibriovital.com\/","name":"Equilibrio Vital","description":"Equilibrio Vital: Dra. Marianela Gonz\u00e1lez-Nutrici\u00f3n","potentialAction":[{"@type":"SearchAction","target":{"@type":"EntryPoint","urlTemplate":"https:\/\/www.equilibriovital.com\/?s={search_term_string}"},"query-input":{"@type":"PropertyValueSpecification","valueRequired":true,"valueName":"search_term_string"}}],"inLanguage":"es"}]}},"_links":{"self":[{"href":"https:\/\/www.equilibriovital.com\/index.php\/wp-json\/wp\/v2\/pages\/215061"}],"collection":[{"href":"https:\/\/www.equilibriovital.com\/index.php\/wp-json\/wp\/v2\/pages"}],"about":[{"href":"https:\/\/www.equilibriovital.com\/index.php\/wp-json\/wp\/v2\/types\/page"}],"author":[{"embeddable":true,"href":"https:\/\/www.equilibriovital.com\/index.php\/wp-json\/wp\/v2\/users\/1"}],"replies":[{"embeddable":true,"href":"https:\/\/www.equilibriovital.com\/index.php\/wp-json\/wp\/v2\/comments?post=215061"}],"version-history":[{"count":15,"href":"https:\/\/www.equilibriovital.com\/index.php\/wp-json\/wp\/v2\/pages\/215061\/revisions"}],"predecessor-version":[{"id":215458,"href":"https:\/\/www.equilibriovital.com\/index.php\/wp-json\/wp\/v2\/pages\/215061\/revisions\/215458"}],"wp:attachment":[{"href":"https:\/\/www.equilibriovital.com\/index.php\/wp-json\/wp\/v2\/media?parent=215061"}],"curies":[{"name":"wp","href":"https:\/\/api.w.org\/{rel}","templated":true}]}}